{"id":1110,"date":"2018-06-01T13:01:22","date_gmt":"2018-06-01T13:01:22","guid":{"rendered":"https:\/\/preview.eagle-themes.com\/zante\/?page_id=1110"},"modified":"2020-11-15T20:19:37","modified_gmt":"2020-11-15T20:19:37","slug":"testimonials","status":"publish","type":"page","link":"https:\/\/dartassa.com\/fr\/testimonials\/","title":{"rendered":"T\u00e9moignages"},"content":{"rendered":"<div class=\"wpb-content-wrapper\"><div data-vc-full-width=\"true\" data-vc-full-width-temp=\"true\" data-vc-full-width-init=\"false\" data-vc-stretch-content=\"true\" class=\"vc_row wpb_row vc_row-fluid vc_custom_1605471574111 vc_row-has-fill vc_row-o-full-height vc_row-o-columns-middle vc_row-flex\"><div class=\"wpb_column vc_column_container vc_col-sm-12\"><div class=\"vc_column-inner\"><div class=\"wpb_wrapper\">\n\t<div class=\"wpb_text_column wpb_content_element\" >\n\t\t<div class=\"wpb_wrapper\">\n\t\t\t\r\n        <div class=\"row flex-row\">\r\n            \t\t\t\t\t\t\t\t<!-- TESTIMONIAL GRID ITEM -->\r\n                <div class=\"col-lg-4 col-sm-6\">\r\n                    <div class=\"testimonial-item\">\r\n\t\t                  <div class=\"review\">\r\n\t\t                        <h3>L&#039;endroit est magnifique, emplacement id\u00e9al<\/h3>\r\n                                <div class=\"rating\">\r\n                                    <i class=\"fa fa-star\" aria-hidden=\"true\"><\/i><i class=\"fa fa-star\" aria-hidden=\"true\"><\/i><i class=\"fa fa-star\" aria-hidden=\"true\"><\/i><i class=\"fa fa-star\" aria-hidden=\"true\"><\/i><i class=\"fa fa-star\" aria-hidden=\"true\"><\/i>                                <\/div>\r\n\t\t                        <p>L&#039;endroit est magnifique, id\u00e9alement situ\u00e9 avec une vue imprenable sur la vall\u00e9e. La grande terrasse offre une vue imprenable. Le lit est grand et confortable. Le salon est magnifique, avec sa chemin\u00e9e \u00e0 quatre feux au milieu de la pi\u00e8ce, impressionnante et cr\u00e9ant une atmosph\u00e8re agr\u00e9able. N&#039;h\u00e9sitez pas \u00e0 y manger, la cuisine est excellente\u00a0; j&#039;ai mang\u00e9 le meilleur tajine et le meilleur msemen depuis mon arriv\u00e9e au Maroc (6 semaines maintenant). Abdoul est une personne merveilleuse et chaleureuse. Un endroit id\u00e9al pour passer quelques jours, je le recommande vivement\u00a0!<\/p>\r\n\t\t                    <\/div>\r\n\t\t                    <div class=\"author\">\r\n                                                                    <img decoding=\"async\" src=\"https:\/\/dartassa.com\/wp-content\/uploads\/2020\/11\/61y1xVilapL._AC_SX522_-150x150.jpg\" alt=\"Daniele Belfort\" width=\"80\">\r\n                                \t\t                        <div class=\"author-info\">\r\n\t\t                            <h5>Dani\u00e8le Belfort<\/h5>\r\n\t\t                            <span class=\"author-loacation\">ROYAUME-UNI<\/span>\r\n\t\t                        <\/div>\r\n\t\t                    <\/div>\r\n\t\t              <\/div>\r\n                <\/div>\r\n\r\n            \t\t\t\t\t\t\t\t<!-- TESTIMONIAL GRID ITEM -->\r\n                <div class=\"col-lg-4 col-sm-6\">\r\n                    <div class=\"testimonial-item\">\r\n\t\t                  <div class=\"review\">\r\n\t\t                        <h3>S\u00e9jour agr\u00e9able \u00e0 Dar Tassa<\/h3>\r\n                                <div class=\"rating\">\r\n                                    <i class=\"fa fa-star\" aria-hidden=\"true\"><\/i><i class=\"fa fa-star\" aria-hidden=\"true\"><\/i><i class=\"fa fa-star\" aria-hidden=\"true\"><\/i><i class=\"fa fa-star\" aria-hidden=\"true\"><\/i><i class=\"fa fa-star\" aria-hidden=\"true\"><\/i>                                <\/div>\r\n\t\t                        <p>Nous avons pass\u00e9 un agr\u00e9able s\u00e9jour \u00e0 Dar Tassa et nous n&#039;avons rien \u00e0 redire. La cuisine \u00e9tait d\u00e9licieuse et d&#039;un excellent rapport qualit\u00e9-prix, et le personnel tr\u00e8s sympathique. La vue depuis Dar Tassa est imprenable et les environs sont parfaits pour les promenades. Manger et se d\u00e9tendre sur la terrasse avec vue est l&#039;\u00e9chappatoire id\u00e9ale \u00e0 l&#039;agitation de la ville.<\/p>\r\n\t\t                    <\/div>\r\n\t\t                    <div class=\"author\">\r\n                                                                    <img decoding=\"async\" src=\"https:\/\/dartassa.com\/wp-content\/uploads\/2020\/11\/scotland-150x150.jpg\" alt=\"Lona\" width=\"80\">\r\n                                \t\t                        <div class=\"author-info\">\r\n\t\t                            <h5>Lona<\/h5>\r\n\t\t                            <span class=\"author-loacation\">\u00c9cosse<\/span>\r\n\t\t                        <\/div>\r\n\t\t                    <\/div>\r\n\t\t              <\/div>\r\n                <\/div>\r\n\r\n            \t\t\t\t\t\t\t\t<!-- TESTIMONIAL GRID ITEM -->\r\n                <div class=\"col-lg-4 col-sm-6\">\r\n                    <div class=\"testimonial-item\">\r\n\t\t                  <div class=\"review\">\r\n\t\t                        <h3>Id\u00e9al pour se d\u00e9tendre<\/h3>\r\n                                <div class=\"rating\">\r\n                                    <i class=\"fa fa-star\" aria-hidden=\"true\"><\/i><i class=\"fa fa-star\" aria-hidden=\"true\"><\/i><i class=\"fa fa-star\" aria-hidden=\"true\"><\/i><i class=\"fa fa-star\" aria-hidden=\"true\"><\/i><i class=\"fa fa-star\" aria-hidden=\"true\"><\/i>                                <\/div>\r\n\t\t                        <p>Un joli petit bijou, parfait pour se d\u00e9tendre si vous voulez fuir le bruit de la ville, rien de sp\u00e9cial \u00e0 explorer autour mais cet endroit en lui-m\u00eame vaut le d\u00e9tour, l&#039;h\u00f4te \u00e9tait une personne incroyable, fortement recommand\u00e9.<\/p>\r\n\t\t                    <\/div>\r\n\t\t                    <div class=\"author\">\r\n                                                                    <img decoding=\"async\" src=\"https:\/\/dartassa.com\/wp-content\/uploads\/2020\/11\/6ed7e946922460dd2e536d881d87ebe0-150x150.jpg\" alt=\"Mohamed\" width=\"80\">\r\n                                \t\t                        <div class=\"author-info\">\r\n\t\t                            <h5>Mohamed<\/h5>\r\n\t\t                            <span class=\"author-loacation\">Maroc<\/span>\r\n\t\t                        <\/div>\r\n\t\t                    <\/div>\r\n\t\t              <\/div>\r\n                <\/div>\r\n\r\n            \t\t\t\t\t\t\t\t<!-- TESTIMONIAL GRID ITEM -->\r\n                <div class=\"col-lg-4 col-sm-6\">\r\n                    <div class=\"testimonial-item\">\r\n\t\t                  <div class=\"review\">\r\n\t\t                        <h3>Sehr nettes et herzliches Personal<\/h3>\r\n                                <div class=\"rating\">\r\n                                    <i class=\"fa fa-star\" aria-hidden=\"true\"><\/i><i class=\"fa fa-star\" aria-hidden=\"true\"><\/i><i class=\"fa fa-star\" aria-hidden=\"true\"><\/i><i class=\"fa fa-star\" aria-hidden=\"true\"><\/i><i class=\"fa fa-star\" aria-hidden=\"true\"><\/i>                                <\/div>\r\n\t\t                        <p>Die Unterkunft ist wirklich zu empfehlen. Sehr nettes et herzliches Personal. Es gab tolle Tipps zu Wanderungen etc.! Das Fr\u00fchst\u00fcck war ausgezeichnet mit einer unbeschreiblich tollen Aussicht!! Wir w\u00fcrden die Unterkunft jederzeit erneut Buchen.<\/p>\r\n\t\t                    <\/div>\r\n\t\t                    <div class=\"author\">\r\n                                                                    <img decoding=\"async\" src=\"https:\/\/dartassa.com\/wp-content\/uploads\/2020\/11\/maxresdefault-150x150.jpg\" alt=\"Laura Sofia\" width=\"80\">\r\n                                \t\t                        <div class=\"author-info\">\r\n\t\t                            <h5>Laura Sofia<\/h5>\r\n\t\t                            <span class=\"author-loacation\">Allemagne<\/span>\r\n\t\t                        <\/div>\r\n\t\t                    <\/div>\r\n\t\t              <\/div>\r\n                <\/div>\r\n\r\n            \t\t\t\t\t\t\t\t<!-- TESTIMONIAL GRID ITEM -->\r\n                <div class=\"col-lg-4 col-sm-6\">\r\n                    <div class=\"testimonial-item\">\r\n\t\t                  <div class=\"review\">\r\n\t\t                        <h3>Superbes vues, air pur de la montagne et service impeccable<\/h3>\r\n                                <div class=\"rating\">\r\n                                    <i class=\"fa fa-star\" aria-hidden=\"true\"><\/i><i class=\"fa fa-star\" aria-hidden=\"true\"><\/i><i class=\"fa fa-star\" aria-hidden=\"true\"><\/i><i class=\"fa fa-star\" aria-hidden=\"true\"><\/i><i class=\"fa fa-star\" aria-hidden=\"true\"><\/i>                                <\/div>\r\n\t\t                        <p>Dar Tassa incarne la solitude montagnarde. Si vous recherchez le calme et la tranquillit\u00e9, une vue imprenable, l&#039;air pur de la montagne et un service impeccable, ne cherchez plus\u00a0! Notre s\u00e9jour a \u00e9t\u00e9 fabuleux.<\/p>\r\n\t\t                    <\/div>\r\n\t\t                    <div class=\"author\">\r\n                                                                    <img decoding=\"async\" src=\"https:\/\/dartassa.com\/wp-content\/uploads\/2020\/11\/61y1xVilapL._AC_SX522_-150x150.jpg\" alt=\"Samuel\" width=\"80\">\r\n                                \t\t                        <div class=\"author-info\">\r\n\t\t                            <h5>Samuel<\/h5>\r\n\t\t                            <span class=\"author-loacation\">ROYAUME-UNI<\/span>\r\n\t\t                        <\/div>\r\n\t\t                    <\/div>\r\n\t\t              <\/div>\r\n                <\/div>\r\n\r\n            \t\t\t\t\t\t\t\t<!-- TESTIMONIAL GRID ITEM -->\r\n                <div class=\"col-lg-4 col-sm-6\">\r\n                    <div class=\"testimonial-item\">\r\n\t\t                  <div class=\"review\">\r\n\t\t                        <h3>The location is perfect<\/h3>\r\n                                <div class=\"rating\">\r\n                                    <i class=\"fa fa-star\" aria-hidden=\"true\"><\/i><i class=\"fa fa-star\" aria-hidden=\"true\"><\/i><i class=\"fa fa-star\" aria-hidden=\"true\"><\/i><i class=\"fa fa-star\" aria-hidden=\"true\"><\/i><i class=\"fa fa-star\" aria-hidden=\"true\"><\/i>                                <\/div>\r\n\t\t                        <p>L&#039;emplacement est id\u00e9al pour des randonn\u00e9es d&#039;une journ\u00e9e. Le toit-terrasse et le salon sont parfaits pour se d\u00e9tendre. La nourriture est excellente\u00a0! La chambre \u00e9tait immense\u00a0! Le personnel \u00e9tait aux petits soins pour nous.<\/p>\r\n\t\t                    <\/div>\r\n\t\t                    <div class=\"author\">\r\n                                                                    <img decoding=\"async\" src=\"https:\/\/dartassa.com\/wp-content\/uploads\/2020\/11\/71pY5Ee5F8L._AC_SX679_-150x150.jpg\" alt=\"Nat Swearingen\" width=\"80\">\r\n                                \t\t                        <div class=\"author-info\">\r\n\t\t                            <h5>Nat Swearingen<\/h5>\r\n\t\t                            <span class=\"author-loacation\">\u00c9tats-Unis<\/span>\r\n\t\t                        <\/div>\r\n\t\t                    <\/div>\r\n\t\t              <\/div>\r\n                <\/div>\r\n\r\n                                <\/div>\r\n\r\n        \n\n\t\t<\/div>\n\t<\/div>\n<\/div><\/div><\/div><\/div><div class=\"vc_row-full-width vc_clearfix\"><\/div>\n<\/div>","protected":false},"excerpt":{"rendered":"","protected":false},"author":1,"featured_media":0,"parent":0,"menu_order":0,"comment_status":"closed","ping_status":"closed","template":"","meta":{"footnotes":""},"class_list":["post-1110","page","type-page","status-publish","hentry"],"_links":{"self":[{"href":"https:\/\/dartassa.com\/fr\/wp-json\/wp\/v2\/pages\/1110","targetHints":{"allow":["GET"]}}],"collection":[{"href":"https:\/\/dartassa.com\/fr\/wp-json\/wp\/v2\/pages"}],"about":[{"href":"https:\/\/dartassa.com\/fr\/wp-json\/wp\/v2\/types\/page"}],"author":[{"embeddable":true,"href":"https:\/\/dartassa.com\/fr\/wp-json\/wp\/v2\/users\/1"}],"replies":[{"embeddable":true,"href":"https:\/\/dartassa.com\/fr\/wp-json\/wp\/v2\/comments?post=1110"}],"version-history":[{"count":4,"href":"https:\/\/dartassa.com\/fr\/wp-json\/wp\/v2\/pages\/1110\/revisions"}],"predecessor-version":[{"id":2302,"href":"https:\/\/dartassa.com\/fr\/wp-json\/wp\/v2\/pages\/1110\/revisions\/2302"}],"wp:attachment":[{"href":"https:\/\/dartassa.com\/fr\/wp-json\/wp\/v2\/media?parent=1110"}],"curies":[{"name":"wp","href":"https:\/\/api.w.org\/{rel}","templated":true}]}}