{"id":1119,"date":"2018-06-02T19:02:12","date_gmt":"2018-06-02T19:02:12","guid":{"rendered":"https:\/\/preview.eagle-themes.com\/zante\/?page_id=1119"},"modified":"2020-11-11T02:22:30","modified_gmt":"2020-11-11T02:22:30","slug":"restaurant-3","status":"publish","type":"page","link":"https:\/\/dartassa.com\/fr\/restaurant-3\/","title":{"rendered":"Restaurant"},"content":{"rendered":"<div class=\"wpb-content-wrapper\"><div class=\"vc_row wpb_row vc_row-fluid\"><div class=\"wpb_column vc_column_container vc_col-sm-6\"><div class=\"vc_column-inner\"><div class=\"wpb_wrapper\"><div class=\"wpb_revslider_element wpb_content_element gradient-overlay-slider\">\n\t\t\t<!-- START Restaurant REVOLUTION SLIDER 6.7.34 --><p class=\"rs-p-wp-fix\"><\/p>\n\t\t\t<rs-module-wrap id=\"hero_wrapper\" data-source=\"gallery\" style=\"visibility:hidden;background:transparent;padding:0;margin:0px auto;margin-top:0;margin-bottom:0;\">\n\t\t\t\t<rs-module id=\"hero\" style=\"\" data-version=\"6.7.34\">\n\t\t\t\t\t<rs-slides style=\"overflow: hidden; position: absolute;\">\n\t\t\t\t\t\t<rs-slide style=\"position: absolute;\" data-key=\"rs-4\" data-title=\"Slide\" data-anim=\"ms:600;r:0;\" data-in=\"o:0;\" data-out=\"a:false;\">\n\t\t\t\t\t\t\t<img decoding=\"async\" src=\"\/\/dartassa.com\/wp-content\/plugins\/revslider\/sr6\/assets\/assets\/dummy.png\" alt=\"\" title=\"dartassa\" width=\"1024\" height=\"684\" class=\"rev-slidebg tp-rs-img rs-lazyload\" data-lazyload=\"\/\/dartassa.com\/wp-content\/uploads\/2020\/11\/dartassa.jpg\" data-parallax=\"5\" data-no-retina>\n<!--\n\t\t\t\t\t\t\t--><rs-layer\n\t\t\t\t\t\t\t\tid=\"slider-2-slide-4-layer-1\" \n\t\t\t\t\t\t\t\tdata-type=\"text\"\n\t\t\t\t\t\t\t\tdata-rsp_ch=\"on\"\n\t\t\t\t\t\t\t\tdata-xy=\"x:c;y:m;\"\n\t\t\t\t\t\t\t\tdata-text=\"s:50,50,40,22;l:50,50,30,30;fw:800,800,700,700;a:inherit;\"\n\t\t\t\t\t\t\t\tdata-frame_0=\"y:100%;tp:600;\"\n\t\t\t\t\t\t\t\tdata-frame_0_mask=\"u:t;y:100%;\"\n\t\t\t\t\t\t\t\tdata-frame_1=\"tp:600;e:power2.inOut;st:500;sp:1500;sR:500;\"\n\t\t\t\t\t\t\t\tdata-frame_1_mask=\"u:t;\"\n\t\t\t\t\t\t\t\tdata-frame_999=\"o:0;tp:600;st:w;sR:7000;\"\n\t\t\t\t\t\t\t\tstyle=\"z-index:5;font-family:'Raleway';\"\n\t\t\t\t\t\t\t>BIENVENUE AU RESTAURANT DAR TASSA \n\t\t\t\t\t\t\t<\/rs-layer><!--\n-->\t\t\t\t\t<\/rs-slide>\n\t\t\t\t\t<\/rs-slides>\n\t\t\t\t<\/rs-module>\n\t\t\t\t<script>\n\t\t\t\t\tsetREVStartSize({c: 'hero',rl:[1240,1024,778,480],el:[600,768,500,500],gw:[1170,1024,778,480],gh:[600,768,500,500],type:'hero',justify:'',layout:'fullwidth',mh:\"0\"});if (window.RS_MODULES!==undefined && window.RS_MODULES.modules!==undefined && window.RS_MODULES.modules[\"hero\"]!==undefined) {window.RS_MODULES.modules[\"hero\"].once = false;window.revapi2 = undefined;if (window.RS_MODULES.checkMinimal!==undefined) window.RS_MODULES.checkMinimal()}\n\t\t\t\t<\/script>\n\t\t\t<\/rs-module-wrap>\n\t\t\t<!-- END REVOLUTION SLIDER -->\n<\/div><div class=\"vc_empty_space\"   style=\"height: 100px\"><span class=\"vc_empty_space_inner\"><\/span><\/div><\/div><\/div><\/div><\/div><div class=\"vc_row wpb_row vc_row-fluid\"><div class=\"wpb_column vc_column_container vc_col-sm-7\"><div class=\"vc_column-inner\"><div class=\"wpb_wrapper\">\t\t\t<div\r\n\t\t\t\tclass=\"main_title  text-left\">\r\n\t\t\t\t<h2 class=\"title\">Atelier de cuisine berb\u00e8re<\/h2>\r\n\t\t\t\t\t\t\t\t\t<p class=\"main_description\">cuisine berb\u00e8re marocaine<\/p>\r\n\t\t\t\t\t\t\t<\/div>\r\n\t\t\n\t<div class=\"wpb_text_column wpb_content_element\" >\n\t\t<div class=\"wpb_wrapper\">\n\t\t\t<p>Inspir\u00e9e des traditions arabes, berb\u00e8res, juives, africaines et fran\u00e7aises, la cuisine marocaine est largement reconnue et offre une alimentation saine. Le Maroc regorge d&#039;aliments frais cultiv\u00e9s localement, gr\u00e2ce \u00e0 un climat agr\u00e9able toute l&#039;ann\u00e9e et \u00e0 une irrigation extensive.<br \/>\n\u200b<br \/>\nAssoci\u00e9s \u00e0 une palette imaginative d&#039;\u00e9pices, d&#039;herbes et d&#039;huiles, ces produits cr\u00e9ent une gamme unique de plats savoureux, comme des tajines, du couscous, des salades et des galettes berb\u00e8res. Un tour dans un souk vous donnera un aper\u00e7u de l&#039;immense vari\u00e9t\u00e9 de l\u00e9gumes et de fruits frais \u00e0 disposition des familles et des chefs marocains.<br \/>\n\u200b<br \/>\nLa cuisine berb\u00e8re marocaine est extr\u00eamement captivante, agr\u00e9able \u00e0 regarder, d\u00e9licatement \u00e9pic\u00e9e par de subtils m\u00e9langes de saveurs, riche en ingr\u00e9dients frais et d\u00e9licieuse \u00e0 d\u00e9guster. Elle est d\u00e9crite comme \u00ab l&#039;\u00e2me parfum\u00e9e de la culture marocaine \u00bb, un m\u00e9lange d&#039;influences berb\u00e8res, africaines, arabes et europ\u00e9ennes.<br \/>\n\u200b<br \/>\nLa cuisine marocaine est amusante !<br \/>\nSi vous vous attendez \u00e0 un cours de cuisine en classe, mieux vaut ne pas lire plus loin. Nos cours de cuisine marocaine et berb\u00e8re vous proposent de passer un moment privil\u00e9gi\u00e9 dans un cadre magnifique et d&#039;adopter une approche plus intime et personnelle de la cuisine berb\u00e8re.<br \/>\n\u200b<br \/>\nPar d\u00e9finition, la cuisine berb\u00e8re est majoritairement \u00ab\u00a0slow food\u00a0\u00bb et les Berb\u00e8res eux-m\u00eames ne se pressent pas. Il est donc essentiel de choisir un endroit \u00e0 la fois pittoresque, agr\u00e9able et d\u00e9contract\u00e9. Cela fait partie int\u00e9grante de l&#039;exp\u00e9rience berb\u00e8re.<\/p>\n<p>Veuillez nous envoyer un email \u00e0 food@dartassaouirgane.com ou sur WhatsApp pour toute question ou pour plus de d\u00e9tails.<\/p>\n\n\t\t<\/div>\n\t<\/div>\n<\/div><\/div><\/div><div class=\"wpb_column vc_column_container vc_col-sm-5\"><div class=\"vc_column-inner\"><div class=\"wpb_wrapper\"><div class=\"vc_row wpb_row vc_inner vc_row-fluid\"><div class=\"wpb_column vc_column_container vc_col-sm-6\"><div class=\"vc_column-inner\"><div class=\"wpb_wrapper\">\n\t<div  class=\"wpb_single_image wpb_content_element vc_align_left wpb_content_element\">\n\t\t\n\t\t<figure class=\"wpb_wrapper vc_figure\">\n\t\t\t<div class=\"vc_single_image-wrapper   vc_box_border_grey\"><img loading=\"lazy\" decoding=\"async\" width=\"735\" height=\"521\" src=\"https:\/\/dartassa.com\/wp-content\/uploads\/2020\/11\/91acb827-1c73-484b-b75e-2c7419a30b7f.jpg\" class=\"vc_single_image-img attachment-full\" alt=\"\" title=\"91acb827-1c73-484b-b75e-2c7419a30b7f\" srcset=\"https:\/\/dartassa.com\/wp-content\/uploads\/2020\/11\/91acb827-1c73-484b-b75e-2c7419a30b7f.jpg 735w, https:\/\/dartassa.com\/wp-content\/uploads\/2020\/11\/91acb827-1c73-484b-b75e-2c7419a30b7f-600x425.jpg 600w, https:\/\/dartassa.com\/wp-content\/uploads\/2020\/11\/91acb827-1c73-484b-b75e-2c7419a30b7f-300x213.jpg 300w, https:\/\/dartassa.com\/wp-content\/uploads\/2020\/11\/91acb827-1c73-484b-b75e-2c7419a30b7f-80x57.jpg 80w\" sizes=\"auto, (max-width: 735px) 100vw, 735px\" \/><\/div>\n\t\t<\/figure>\n\t<\/div>\n\n\t<div  class=\"wpb_single_image wpb_content_element vc_align_left wpb_content_element\">\n\t\t\n\t\t<figure class=\"wpb_wrapper vc_figure\">\n\t\t\t<div class=\"vc_single_image-wrapper   vc_box_border_grey\"><img loading=\"lazy\" decoding=\"async\" width=\"1024\" height=\"683\" src=\"https:\/\/dartassa.com\/wp-content\/uploads\/2020\/11\/90312ff0-e1d9-4ae6-9f62-b935a8154e5e-1.jpg\" class=\"vc_single_image-img attachment-full\" alt=\"\" title=\"90312ff0-e1d9-4ae6-9f62-b935a8154e5e (1)\" srcset=\"https:\/\/dartassa.com\/wp-content\/uploads\/2020\/11\/90312ff0-e1d9-4ae6-9f62-b935a8154e5e-1.jpg 1024w, https:\/\/dartassa.com\/wp-content\/uploads\/2020\/11\/90312ff0-e1d9-4ae6-9f62-b935a8154e5e-1-600x400.jpg 600w, https:\/\/dartassa.com\/wp-content\/uploads\/2020\/11\/90312ff0-e1d9-4ae6-9f62-b935a8154e5e-1-300x200.jpg 300w, https:\/\/dartassa.com\/wp-content\/uploads\/2020\/11\/90312ff0-e1d9-4ae6-9f62-b935a8154e5e-1-768x512.jpg 768w, https:\/\/dartassa.com\/wp-content\/uploads\/2020\/11\/90312ff0-e1d9-4ae6-9f62-b935a8154e5e-1-80x53.jpg 80w\" sizes=\"auto, (max-width: 1024px) 100vw, 1024px\" \/><\/div>\n\t\t<\/figure>\n\t<\/div>\n<\/div><\/div><\/div><div class=\"wpb_column vc_column_container vc_col-sm-6\"><div class=\"vc_column-inner\"><div class=\"wpb_wrapper\">\n\t<div  class=\"wpb_single_image wpb_content_element vc_align_left wpb_content_element\">\n\t\t\n\t\t<figure class=\"wpb_wrapper vc_figure\">\n\t\t\t<div class=\"vc_single_image-wrapper   vc_box_border_grey\"><img loading=\"lazy\" decoding=\"async\" width=\"1200\" height=\"843\" src=\"https:\/\/dartassa.com\/wp-content\/uploads\/2020\/07\/WhatsApp-Image-2020-07-16-at-9.23.55-AM.jpeg\" class=\"vc_single_image-img attachment-full\" alt=\"\" title=\"Image WhatsApp 2020-07-16 \u00e0 9h23.55\" srcset=\"https:\/\/dartassa.com\/wp-content\/uploads\/2020\/07\/WhatsApp-Image-2020-07-16-at-9.23.55-AM.jpeg 1200w, https:\/\/dartassa.com\/wp-content\/uploads\/2020\/07\/WhatsApp-Image-2020-07-16-at-9.23.55-AM-600x422.jpeg 600w, https:\/\/dartassa.com\/wp-content\/uploads\/2020\/07\/WhatsApp-Image-2020-07-16-at-9.23.55-AM-300x211.jpeg 300w, https:\/\/dartassa.com\/wp-content\/uploads\/2020\/07\/WhatsApp-Image-2020-07-16-at-9.23.55-AM-1024x719.jpeg 1024w, https:\/\/dartassa.com\/wp-content\/uploads\/2020\/07\/WhatsApp-Image-2020-07-16-at-9.23.55-AM-768x540.jpeg 768w, https:\/\/dartassa.com\/wp-content\/uploads\/2020\/07\/WhatsApp-Image-2020-07-16-at-9.23.55-AM-80x56.jpeg 80w\" sizes=\"auto, (max-width: 1200px) 100vw, 1200px\" \/><\/div>\n\t\t<\/figure>\n\t<\/div>\n\n\t<div  class=\"wpb_single_image wpb_content_element vc_align_left wpb_content_element\">\n\t\t\n\t\t<figure class=\"wpb_wrapper vc_figure\">\n\t\t\t<div class=\"vc_single_image-wrapper   vc_box_border_grey\"><img loading=\"lazy\" decoding=\"async\" width=\"1024\" height=\"684\" src=\"https:\/\/dartassa.com\/wp-content\/uploads\/2020\/11\/dartassa.jpg\" class=\"vc_single_image-img attachment-full\" alt=\"\" title=\"dartassa\" srcset=\"https:\/\/dartassa.com\/wp-content\/uploads\/2020\/11\/dartassa.jpg 1024w, https:\/\/dartassa.com\/wp-content\/uploads\/2020\/11\/dartassa-600x401.jpg 600w, https:\/\/dartassa.com\/wp-content\/uploads\/2020\/11\/dartassa-300x200.jpg 300w, https:\/\/dartassa.com\/wp-content\/uploads\/2020\/11\/dartassa-768x513.jpg 768w, https:\/\/dartassa.com\/wp-content\/uploads\/2020\/11\/dartassa-80x53.jpg 80w\" sizes=\"auto, (max-width: 1024px) 100vw, 1024px\" \/><\/div>\n\t\t<\/figure>\n\t<\/div>\n<\/div><\/div><\/div><\/div><div class=\"vc_row wpb_row vc_inner vc_row-fluid\"><div class=\"wpb_column vc_column_container vc_col-sm-6\"><div class=\"vc_column-inner\"><div class=\"wpb_wrapper\">\n\t<div  class=\"wpb_single_image wpb_content_element vc_align_left wpb_content_element\">\n\t\t\n\t\t<figure class=\"wpb_wrapper vc_figure\">\n\t\t\t<div class=\"vc_single_image-wrapper   vc_box_border_grey\"><img loading=\"lazy\" decoding=\"async\" width=\"1024\" height=\"680\" src=\"https:\/\/dartassa.com\/wp-content\/uploads\/2020\/11\/WhatsApp-Image-2020-11-10-at-8.13.00-PM.jpeg\" class=\"vc_single_image-img attachment-full\" alt=\"\" title=\"Image WhatsApp 2020-11-10 \u00e0 20h13\" srcset=\"https:\/\/dartassa.com\/wp-content\/uploads\/2020\/11\/WhatsApp-Image-2020-11-10-at-8.13.00-PM.jpeg 1024w, https:\/\/dartassa.com\/wp-content\/uploads\/2020\/11\/WhatsApp-Image-2020-11-10-at-8.13.00-PM-600x398.jpeg 600w, https:\/\/dartassa.com\/wp-content\/uploads\/2020\/11\/WhatsApp-Image-2020-11-10-at-8.13.00-PM-300x199.jpeg 300w, https:\/\/dartassa.com\/wp-content\/uploads\/2020\/11\/WhatsApp-Image-2020-11-10-at-8.13.00-PM-768x510.jpeg 768w, https:\/\/dartassa.com\/wp-content\/uploads\/2020\/11\/WhatsApp-Image-2020-11-10-at-8.13.00-PM-80x53.jpeg 80w\" sizes=\"auto, (max-width: 1024px) 100vw, 1024px\" \/><\/div>\n\t\t<\/figure>\n\t<\/div>\n\n\t<div  class=\"wpb_single_image wpb_content_element vc_align_left wpb_content_element\">\n\t\t\n\t\t<figure class=\"wpb_wrapper vc_figure\">\n\t\t\t<div class=\"vc_single_image-wrapper   vc_box_border_grey\"><img loading=\"lazy\" decoding=\"async\" width=\"1024\" height=\"683\" src=\"https:\/\/dartassa.com\/wp-content\/uploads\/2020\/11\/90312ff0-e1d9-4ae6-9f62-b935a8154e5e-1.jpg\" class=\"vc_single_image-img attachment-full\" alt=\"\" title=\"90312ff0-e1d9-4ae6-9f62-b935a8154e5e (1)\" srcset=\"https:\/\/dartassa.com\/wp-content\/uploads\/2020\/11\/90312ff0-e1d9-4ae6-9f62-b935a8154e5e-1.jpg 1024w, https:\/\/dartassa.com\/wp-content\/uploads\/2020\/11\/90312ff0-e1d9-4ae6-9f62-b935a8154e5e-1-600x400.jpg 600w, https:\/\/dartassa.com\/wp-content\/uploads\/2020\/11\/90312ff0-e1d9-4ae6-9f62-b935a8154e5e-1-300x200.jpg 300w, https:\/\/dartassa.com\/wp-content\/uploads\/2020\/11\/90312ff0-e1d9-4ae6-9f62-b935a8154e5e-1-768x512.jpg 768w, https:\/\/dartassa.com\/wp-content\/uploads\/2020\/11\/90312ff0-e1d9-4ae6-9f62-b935a8154e5e-1-80x53.jpg 80w\" sizes=\"auto, (max-width: 1024px) 100vw, 1024px\" \/><\/div>\n\t\t<\/figure>\n\t<\/div>\n<\/div><\/div><\/div><div class=\"wpb_column vc_column_container vc_col-sm-6\"><div class=\"vc_column-inner\"><div class=\"wpb_wrapper\">\n\t<div  class=\"wpb_single_image wpb_content_element vc_align_left wpb_content_element\">\n\t\t\n\t\t<figure class=\"wpb_wrapper vc_figure\">\n\t\t\t<div class=\"vc_single_image-wrapper   vc_box_border_grey\"><img loading=\"lazy\" decoding=\"async\" width=\"1200\" height=\"843\" src=\"https:\/\/dartassa.com\/wp-content\/uploads\/2020\/07\/WhatsApp-Image-2020-07-16-at-9.23.55-AM.jpeg\" class=\"vc_single_image-img attachment-full\" alt=\"\" title=\"Image WhatsApp 2020-07-16 \u00e0 9h23.55\" srcset=\"https:\/\/dartassa.com\/wp-content\/uploads\/2020\/07\/WhatsApp-Image-2020-07-16-at-9.23.55-AM.jpeg 1200w, https:\/\/dartassa.com\/wp-content\/uploads\/2020\/07\/WhatsApp-Image-2020-07-16-at-9.23.55-AM-600x422.jpeg 600w, https:\/\/dartassa.com\/wp-content\/uploads\/2020\/07\/WhatsApp-Image-2020-07-16-at-9.23.55-AM-300x211.jpeg 300w, https:\/\/dartassa.com\/wp-content\/uploads\/2020\/07\/WhatsApp-Image-2020-07-16-at-9.23.55-AM-1024x719.jpeg 1024w, https:\/\/dartassa.com\/wp-content\/uploads\/2020\/07\/WhatsApp-Image-2020-07-16-at-9.23.55-AM-768x540.jpeg 768w, https:\/\/dartassa.com\/wp-content\/uploads\/2020\/07\/WhatsApp-Image-2020-07-16-at-9.23.55-AM-80x56.jpeg 80w\" sizes=\"auto, (max-width: 1200px) 100vw, 1200px\" \/><\/div>\n\t\t<\/figure>\n\t<\/div>\n\n\t<div  class=\"wpb_single_image wpb_content_element vc_align_left wpb_content_element\">\n\t\t\n\t\t<figure class=\"wpb_wrapper vc_figure\">\n\t\t\t<div class=\"vc_single_image-wrapper   vc_box_border_grey\"><img loading=\"lazy\" decoding=\"async\" width=\"800\" height=\"531\" src=\"https:\/\/dartassa.com\/wp-content\/uploads\/2020\/11\/WhatsApp-Image-2020-11-10-at-8.19.11-PM.jpeg\" class=\"vc_single_image-img attachment-full\" alt=\"\" title=\"Image WhatsApp 2020-11-10 \u00e0 20h19.11\" srcset=\"https:\/\/dartassa.com\/wp-content\/uploads\/2020\/11\/WhatsApp-Image-2020-11-10-at-8.19.11-PM.jpeg 800w, https:\/\/dartassa.com\/wp-content\/uploads\/2020\/11\/WhatsApp-Image-2020-11-10-at-8.19.11-PM-600x398.jpeg 600w, https:\/\/dartassa.com\/wp-content\/uploads\/2020\/11\/WhatsApp-Image-2020-11-10-at-8.19.11-PM-300x199.jpeg 300w, https:\/\/dartassa.com\/wp-content\/uploads\/2020\/11\/WhatsApp-Image-2020-11-10-at-8.19.11-PM-768x510.jpeg 768w, https:\/\/dartassa.com\/wp-content\/uploads\/2020\/11\/WhatsApp-Image-2020-11-10-at-8.19.11-PM-80x53.jpeg 80w\" sizes=\"auto, (max-width: 800px) 100vw, 800px\" \/><\/div>\n\t\t<\/figure>\n\t<\/div>\n<\/div><\/div><\/div><\/div><\/div><\/div><\/div><\/div><div class=\"vc_row wpb_row vc_row-fluid\"><div class=\"wpb_column vc_column_container vc_col-sm-12\"><div class=\"vc_column-inner\"><div class=\"wpb_wrapper\"><div class=\"vc_empty_space\"   style=\"height: 20px\"><span class=\"vc_empty_space_inner\"><\/span><\/div><\/div><\/div><\/div><\/div><div class=\"vc_row wpb_row vc_row-fluid\"><div class=\"wpb_column vc_column_container vc_col-sm-12\"><div class=\"vc_column-inner\"><div class=\"wpb_wrapper\">\t\t\t<div\r\n\t\t\t\tclass=\"main_title  text-left\">\r\n\t\t\t\t<h2 class=\"title\">FAQ<\/h2>\r\n\t\t\t\t\t\t\t<\/div>\r\n\t\t<\/div><\/div><\/div><\/div><div class=\"vc_row wpb_row vc_row-fluid\"><div class=\"wpb_column vc_column_container vc_col-sm-12\"><div class=\"vc_column-inner\"><div class=\"wpb_wrapper\"><div class=\"vc_empty_space\"   style=\"height: 20px\"><span class=\"vc_empty_space_inner\"><\/span><\/div>\n\t<div class=\"wpb_text_column wpb_content_element\" >\n\t\t<div class=\"wpb_wrapper\">\n\t\t\t<blockquote>\n<div dir=\"ltr\">\n<div dir=\"ltr\">\n<p><span lang=\"EN-GB\">Notre style de gestion a \u00e9t\u00e9 de s&#039;efforcer consciemment d&#039;offrir \u00e0 nos clients une v\u00e9ritable exp\u00e9rience amazighe authentique. Dans le domaine de la restauration, cela signifie prendre des cuisiniers locaux comp\u00e9tents, les former et leur permettre de se d\u00e9velopper - nous travaillons \u00e0 am\u00e9liorer leur offre et visons \u00e0 ravir nos clients avec une bonne cuisine amazighe saine, en utilisant des ingr\u00e9dients frais d&#039;origine locale.<\/span><\/p>\n<p><span lang=\"EN-GB\"><b>\u00a0<\/b>Y a-t-il<b>\u00a0v\u00e9g\u00e9tarien ou\u00a0<\/b>v\u00e9g\u00e9talien<b>\u00a0options?<\/b><\/span><\/p>\n<p><span lang=\"EN-GB\"><br \/>\nNous sommes heureux de proposer des plats v\u00e9g\u00e9tariens et v\u00e9g\u00e9taliens. Nous vous sugg\u00e9rons de le mentionner \u00e0 notre personnel d\u00e8s votre arriv\u00e9e. Ils discuteront avec vous de vos pr\u00e9f\u00e9rences culinaires. Nos cuisiniers seront ravis de recevoir vos suggestions. Ils feront de leur mieux pour vous satisfaire.<\/span><\/p>\n<p><em><b><span lang=\"EN-GB\">Combien \u00e7a co\u00fbte?<\/span><\/b><\/em><\/p>\n<p><span lang=\"EN-GB\"><br \/>\nLe repas amazigh frais et sain de 3 plats co\u00fbte 8 \u20ac pour le d\u00e9jeuner ou le d\u00eener.<\/span><\/p>\n<p><em><b><span lang=\"EN-GB\">Dar est-il agr\u00e9\u00e9 ?<\/span><\/b><\/em><\/p>\n<p><span lang=\"EN-GB\"><br \/>\nDar n&#039;a pas de permis d&#039;alcool. Cependant,<\/span>\u00a0Les clients s\u00e9journant \u00e0 l&#039;h\u00f4tel sont invit\u00e9s \u00e0 apporter leurs propres boissons alcoolis\u00e9es, qu&#039;ils devront acheter avant de quitter Marrakech. Plusieurs boutiques du quartier de Gu\u00e9liz vendent de l&#039;alcool. Conform\u00e9ment aux coutumes locales, nous vous demandons de consommer l&#039;alcool avec discr\u00e9tion.<\/p>\n<p><span lang=\"EN-GB\">Si vous n&#039;avez pas eu l&#039;occasion d&#039;acheter vos boissons \u00e0 Marrakech, vous avez la possibilit\u00e9 d&#039;aller dans les bars de Marigha\/Ouirgane et d&#039;y acheter une bouteille.<\/span><\/p>\n<p><span lang=\"EN-GB\">D&#039;un point de vue environnemental, nous vous demandons de bien vouloir emporter les bouteilles vides avec vous, elles seront au moins plus l\u00e9g\u00e8res.<\/span><\/p>\n<\/div>\n<\/div>\n<\/blockquote>\n\n\t\t<\/div>\n\t<\/div>\n<\/div><\/div><\/div><\/div><div class=\"vc_row wpb_row vc_row-fluid\"><div class=\"wpb_column vc_column_container vc_col-sm-12\"><div class=\"vc_column-inner\"><div class=\"wpb_wrapper\"><div class=\"vc_empty_space\"   style=\"height: 100px\"><span class=\"vc_empty_space_inner\"><\/span><\/div>\t\t\t<div\r\n\t\t\t\tclass=\"main_title  text-left\">\r\n\t\t\t\t<h2 class=\"title\">GALERIE D&#039;IMAGES<\/h2>\r\n\t\t\t\t\t\t\t<\/div>\r\n\t\t           \r\n            <div class=\"row\">\r\n\t            <div class=\"image-gallery\">\r\n\r\n                   \r\n                    <!-- GALLERY ITEM -->\r\n                    <div class=\"col-lg-3 col-sm-6\">\r\n                      <figure class=\"gradient-overlay-hover icon-zoom-hover zoom-image-hover\">\r\n                                                <a href=\"https:\/\/dartassa.com\/wp-content\/uploads\/2020\/11\/WhatsApp-Image-2020-11-10-at-8.13.00-PM.jpeg\">\r\n                          <img decoding=\"async\" src=\"https:\/\/dartassa.com\/wp-content\/uploads\/2020\/11\/WhatsApp-Image-2020-11-10-at-8.13.00-PM.jpeg\" class=\"img-responsive\">\r\n                        <\/a>\r\n                                            <\/figure>\r\n                    <\/div>\r\n\r\n                    \r\n                    <!-- GALLERY ITEM -->\r\n                    <div class=\"col-lg-3 col-sm-6\">\r\n                      <figure class=\"gradient-overlay-hover icon-zoom-hover zoom-image-hover\">\r\n                                                <a href=\"https:\/\/dartassa.com\/wp-content\/uploads\/2020\/11\/WhatsApp-Image-2020-11-10-at-8.04.01-PM.jpeg\">\r\n                          <img decoding=\"async\" src=\"https:\/\/dartassa.com\/wp-content\/uploads\/2020\/11\/WhatsApp-Image-2020-11-10-at-8.04.01-PM.jpeg\" class=\"img-responsive\">\r\n                        <\/a>\r\n                                            <\/figure>\r\n                    <\/div>\r\n\r\n                    \r\n                    <!-- GALLERY ITEM -->\r\n                    <div class=\"col-lg-3 col-sm-6\">\r\n                      <figure class=\"gradient-overlay-hover icon-zoom-hover zoom-image-hover\">\r\n                                                <a href=\"https:\/\/dartassa.com\/wp-content\/uploads\/2020\/11\/WhatsApp-Image-2020-11-10-at-8.13.42-PM.jpeg\">\r\n                          <img decoding=\"async\" src=\"https:\/\/dartassa.com\/wp-content\/uploads\/2020\/11\/WhatsApp-Image-2020-11-10-at-8.13.42-PM.jpeg\" class=\"img-responsive\">\r\n                        <\/a>\r\n                                            <\/figure>\r\n                    <\/div>\r\n\r\n                    \r\n\t                \t            <\/div>\r\n            <\/div>\r\n\r\n        <\/div><\/div><\/div><\/div><div class=\"vc_row wpb_row vc_row-fluid\"><div class=\"wpb_column vc_column_container vc_col-sm-12\"><div class=\"vc_column-inner\"><div class=\"wpb_wrapper\"><div class=\"vc_empty_space\"   style=\"height: 20px\"><span class=\"vc_empty_space_inner\"><\/span><\/div><\/div><\/div><\/div><\/div><div class=\"vc_row wpb_row vc_row-fluid\"><div class=\"wpb_column vc_column_container vc_col-sm-12\"><div class=\"vc_column-inner\"><div class=\"wpb_wrapper\"><\/div><\/div><\/div><\/div>\n<\/div>","protected":false},"excerpt":{"rendered":"WELCOME TO DAR TASSA RESTAURANT Berber Cooking Workshop Moroccan Berber cuisine Drawing from Arab, Berber, Jewish, African and French traditions, Moroccan cuisine is widely recognised and provides a healthy diet. Morocco is home to an abundance of locally grown fresh food, due to the wonderful year round climate and extensive irrigation. \u200b Used with an [...]","protected":false},"author":1,"featured_media":0,"parent":0,"menu_order":0,"comment_status":"closed","ping_status":"closed","template":"","meta":{"footnotes":""},"class_list":["post-1119","page","type-page","status-publish","hentry"],"_links":{"self":[{"href":"https:\/\/dartassa.com\/fr\/wp-json\/wp\/v2\/pages\/1119","targetHints":{"allow":["GET"]}}],"collection":[{"href":"https:\/\/dartassa.com\/fr\/wp-json\/wp\/v2\/pages"}],"about":[{"href":"https:\/\/dartassa.com\/fr\/wp-json\/wp\/v2\/types\/page"}],"author":[{"embeddable":true,"href":"https:\/\/dartassa.com\/fr\/wp-json\/wp\/v2\/users\/1"}],"replies":[{"embeddable":true,"href":"https:\/\/dartassa.com\/fr\/wp-json\/wp\/v2\/comments?post=1119"}],"version-history":[{"count":15,"href":"https:\/\/dartassa.com\/fr\/wp-json\/wp\/v2\/pages\/1119\/revisions"}],"predecessor-version":[{"id":2253,"href":"https:\/\/dartassa.com\/fr\/wp-json\/wp\/v2\/pages\/1119\/revisions\/2253"}],"wp:attachment":[{"href":"https:\/\/dartassa.com\/fr\/wp-json\/wp\/v2\/media?parent=1119"}],"curies":[{"name":"wp","href":"https:\/\/api.w.org\/{rel}","templated":true}]}}