{"id":1347,"date":"2018-06-16T18:46:03","date_gmt":"2018-06-16T18:46:03","guid":{"rendered":"https:\/\/preview.eagle-themes.com\/zante\/?page_id=1347"},"modified":"2018-06-16T18:46:03","modified_gmt":"2018-06-16T18:46:03","slug":"styleguide","status":"publish","type":"page","link":"https:\/\/dartassa.com\/fr\/styleguide\/","title":{"rendered":"Guide de style"},"content":{"rendered":"<h3 class=\"mb40\">Titres<\/h3>\n<h1>Titre H1<\/h1>\n<p>Lorem ipsum dolor sit amet, consectetur adipiscing elit. Nam augue eros, ultrices sit amet ex in, luctus mattis sem. M\u00e9c\u00e8ne metus elit, convallis at lectus nec, interdum gravida odio. Proin dui turpis, venenatis non eleifend sed, varius at erat. Rutrum \u00e9n\u00e9en, urna ut finibus ultrices, turpis ante vehicula turpis, eget pharetra neque metus in augue.<\/p>\n<p>&nbsp;<\/p>\n<h2>Titre H2<\/h2>\n<p>Lorem ipsum dolor sit amet, consectetur adipiscing elit. Nam augue eros, ultrices sit amet ex in, luctus mattis sem. M\u00e9c\u00e8ne metus elit, convallis at lectus nec, interdum gravida odio. Proin dui turpis, venenatis non eleifend sed, varius at erat. Rutrum \u00e9n\u00e9en, urna ut finibus ultrices, turpis ante vehicula turpis, eget pharetra neque metus in augue.<\/p>\n<p>&nbsp;<\/p>\n<h3>Titre H3<\/h3>\n<p>Lorem ipsum dolor sit amet, consectetur adipiscing elit. Nam augue eros, ultrices sit amet ex in, luctus mattis sem. M\u00e9c\u00e8ne metus elit, convallis at lectus nec, interdum gravida odio. Proin dui turpis, venenatis non eleifend sed, varius at erat. Rutrum \u00e9n\u00e9en, urna ut finibus ultrices, turpis ante vehicula turpis, eget pharetra neque metus in augue.<\/p>\n<p>&nbsp;<\/p>\n<h4>Titre H4<\/h4>\n<p>Lorem ipsum dolor sit amet, consectetur adipiscing elit. Nam augue eros, ultrices sit amet ex in, luctus mattis sem. M\u00e9c\u00e8ne metus elit, convallis at lectus nec, interdum gravida odio. Proin dui turpis, venenatis non eleifend sed, varius at erat. Rutrum \u00e9n\u00e9en, urna ut finibus ultrices, turpis ante vehicula turpis, eget pharetra neque metus in augue.<\/p>\n<p>&nbsp;<\/p>\n<h5>Titre H5<\/h5>\n<p>Lorem ipsum dolor sit amet, consectetur adipiscing elit. Nam augue eros, ultrices sit amet ex in, luctus mattis sem. M\u00e9c\u00e8ne metus elit, convallis at lectus nec, interdum gravida odio. Proin dui turpis, venenatis non eleifend sed, varius at erat. Rutrum \u00e9n\u00e9en, urna ut finibus ultrices, turpis ante vehicula turpis, eget pharetra neque metus in augue.<\/p>\n<p>&nbsp;<\/p>\n<h6>Titre H6<\/h6>\n<p>Lorem ipsum dolor sit amet, consectetur adipiscing elit. Nam augue eros, ultrices sit amet ex in, luctus mattis sem. M\u00e9c\u00e8ne metus elit, convallis at lectus nec, interdum gravida odio. Proin dui turpis, venenatis non eleifend sed, varius at erat. Rutrum \u00e9n\u00e9en, urna ut finibus ultrices, turpis ante vehicula turpis, eget pharetra neque metus in augue.<\/p>\n<p>&nbsp;<\/p>\n<p>&nbsp;<\/p>\n<h4>image align\u00e9e \u00e0 gauche<\/h4>\n<p><img loading=\"lazy\" decoding=\"async\" class=\"size-medium wp-image-1151 alignleft\" src=\"http:\/\/dartassa.com\/wp-content\/uploads\/2018\/06\/restaurant11-300x188.jpg\" alt=\"\" width=\"300\" height=\"188\" srcset=\"https:\/\/dartassa.com\/wp-content\/uploads\/2018\/06\/restaurant11-300x188.jpg 300w, https:\/\/dartassa.com\/wp-content\/uploads\/2018\/06\/restaurant11-600x375.jpg 600w, https:\/\/dartassa.com\/wp-content\/uploads\/2018\/06\/restaurant11-80x50.jpg 80w, https:\/\/dartassa.com\/wp-content\/uploads\/2018\/06\/restaurant11.jpg 640w\" sizes=\"auto, (max-width: 300px) 100vw, 300px\" \/>Lorem ipsum dolor sit amet, consectetur adipiscing elit. Nam augue eros, ultrices sit amet ex in, luctus mattis sem. M\u00e9c\u00e8ne metus elit, convallis at lectus nec, interdum gravida odio. Proin dui turpis, venenatis non eleifend sed, varius at erat. Rutrum \u00e9n\u00e9en, urna ut finibus ultrices, turpis ante vehicula turpis, eget pharetra neque metus in augue. In est ipsum, faucibus pellentesque suscipit in, porta ac quam. Pellentesque habitant morbi tristique senectus et netus et malesuada fames ac turpis egestas. Ut convallis, lacus quis tincidunt ornare, velit est faucibus nisi, nec dictum sapien nibh eget metus. Donec vel sagittis ex, sit amet pretium lectus. Aliquam erat volutpat. Phasellus ac viverra augue, eget laoreet enim. Duis in odio sed nibh malesuada dapibus non a sem. Phasellus pretium ac dolor efficitur aliquam.Praesent maximus iaculis nibh, vitae tristique nisl scelerisque sit amet. In laoreet mi nec aliquet tempo. Ut en rhoncus lorem, interdum porta ipsum. Nullam euismod libero arcu, a bibendum ex viverra quis. Nam eu congue tortor, \u00e0 blandit lacus. Entier convallis dapibus felis, in facilisis turpis fringilla ut.<\/p>\n<p>&nbsp;<\/p>\n<h4><\/h4>\n<h4>image align\u00e9e \u00e0 droite<\/h4>\n<p><img loading=\"lazy\" decoding=\"async\" class=\"size-medium wp-image-1010 alignright\" src=\"http:\/\/dartassa.com\/wp-content\/uploads\/2018\/05\/honeymoon-300x189.jpg\" alt=\"\" width=\"300\" height=\"189\" \/><\/p>\n<p>Lorem ipsum dolor sit amet, consectetur adipiscing elit. Nam augue eros, ultrices sit amet ex in, luctus mattis sem. M\u00e9c\u00e8ne metus elit, convallis \u00e0<img loading=\"lazy\" decoding=\"async\" class=\"size-medium wp-image-1151 alignright\" src=\"http:\/\/dartassa.com\/wp-content\/uploads\/2018\/06\/restaurant11-300x188.jpg\" alt=\"\" width=\"300\" height=\"188\" srcset=\"https:\/\/dartassa.com\/wp-content\/uploads\/2018\/06\/restaurant11-300x188.jpg 300w, https:\/\/dartassa.com\/wp-content\/uploads\/2018\/06\/restaurant11-600x375.jpg 600w, https:\/\/dartassa.com\/wp-content\/uploads\/2018\/06\/restaurant11-80x50.jpg 80w, https:\/\/dartassa.com\/wp-content\/uploads\/2018\/06\/restaurant11.jpg 640w\" sizes=\"auto, (max-width: 300px) 100vw, 300px\" \/> lectus nca, interdum gravida odio. Proin dui turpis, venenatis non eleifend sed, varius at erat. Rutrum \u00e9n\u00e9en, urna ut finibus ultrices, turpis ante vehicula turpis, eget pharetra neque metus in augue. In est ipsum, faucibus pellentesque suscipit in, porta ac quam. Pellentesque habitant morbi tristique senectus et netus et malesuada fames ac turpis egestas. Ut convallis, lacus quis tincidunt ornare, velit est faucibus nisi, nec dictum sapien nibh eget metus. Donec vel sagittis ex, sit amet pretium lectus. Aliquam erat volutpat. Phasellus ac viverra augue, eget laoreet enim. Duis in odio sed nibh malesuada dapibus non a sem. Phasellus pretium ac dolor efficitur aliquam.Praesent maximus iaculis nibh, vitae tristique nisl scelerisque sit amet. In laoreet mi nec aliquet tempo. Ut en rhoncus lorem, interdum porta ipsum. Nullam euismod libero arcu, a bibendum ex viverra quis. Nam eu congue tortor, \u00e0 blandit lacus. Entier convallis dapibus felis, in facilisis turpis fringilla ut.<\/p>\n<h4><\/h4>\n<p>&nbsp;<\/p>\n<h4>Citation<\/h4>\n<p>&nbsp;<\/p>\n<blockquote><p>Lorem ipsum dolor sit amet, consectetur adipiscing elit\u00a0<a href=\"https:\/\/www.eagle-themes.com\/fiore\/blog-post.html#\" data-toggle=\"tooltip\" data-placement=\"top\" data-trigger=\"hover\" data-original-title=\"Marius Doe\">Mauris\u00a0<\/a>non laoreet dui, Morbi lacus massa, euismod ut turpis molestie<\/p><\/blockquote>\n<p>&nbsp;<\/p>\n<blockquote><p>Lorem ipsum dolor sit amet, consectetur adipiscing elit. Nam augue eros, ultrices sit amet ex in, luctus mattis sem. M\u00e9c\u00e8ne metus elit, convallis at lectus nec, interdum gravida odio. Proin dui turpis, venenatis non eleifend sed, varius at erat. Rutrum \u00e9n\u00e9en, urna ut finibus ultrices, turpis ante vehicula turpis, eget pharetra neque metus in augue. In est ipsum, faucibus pellentesque suscipit in, porta ac quam.<\/p><\/blockquote>\n<p>&nbsp;<\/p>\n<h4 style=\"text-align: left;\">Liste non ordonn\u00e9e<\/h4>\n<p>&nbsp;<\/p>\n<ul>\n<li>Lorem ipsum dolor sit amet<\/li>\n<li>Lorem ipsum dolor sit amet<\/li>\n<li>Lorem ipsum dolor sit amet<\/li>\n<li>Lorem ipsum dolor sit amet<\/li>\n<li>Lorem ipsum dolor sit amet<\/li>\n<\/ul>\n<h4><\/h4>\n<p>&nbsp;<\/p>\n<h4>Liste ordonn\u00e9e<\/h4>\n<p>&nbsp;<\/p>\n<ol>\n<li>Lorem ipsum dolor sit amet<\/li>\n<li>Lorem ipsum dolor sit amet<\/li>\n<li>Lorem ipsum dolor sit amet<\/li>\n<li>Lorem ipsum dolor sit amet<\/li>\n<li>Lorem ipsum dolor sit amet<\/li>\n<\/ol>\n<p>&nbsp;<\/p>\n<h4><\/h4>\n<h4>Code<\/h4>\n<p>&nbsp;<\/p>\n<pre>.class:before{ display: block; position: absolute; float:left; display:block; content: &quot;G\u00e9nial&quot;; } pre, code{ direction: ltr; text-align: left; }\n<\/pre>\n<h4><\/h4>\n<p>&nbsp;<\/p>\n<h4>Tableau<\/h4>\n<p>&nbsp;<\/p>\n<table style=\"width: 1377px; height: 122px;\">\n<thead>\n<tr>\n<td>Nom<\/td>\n<td>Surnom<\/td>\n<td>Nombre<\/td>\n<\/tr>\n<\/thead>\n<tbody>\n<tr>\n<td>Jeanne<\/td>\n<td>Biche<\/td>\n<td>13<\/td>\n<\/tr>\n<tr>\n<td>Veille<\/td>\n<td>Biche<\/td>\n<td>94<\/td>\n<\/tr>\n<tr>\n<td>John<\/td>\n<td>Biche<\/td>\n<td>77<\/td>\n<\/tr>\n<tr>\n<td>Ina<\/td>\n<td>Aldrich<\/td>\n<td>16<\/td>\n<\/tr>\n<\/tbody>\n<\/table>","protected":false},"excerpt":{"rendered":"<p>Headings H1 Heading Lorem ipsum dolor sit amet, consectetur adipiscing elit. Nam augue eros, ultrices sit amet ex in, luctus mattis sem. Maecenas metus elit, convallis at lectus nec, interdum gravida odio. Proin dui turpis, venenatis non eleifend sed, varius at erat. Aenean rutrum, urna ut finibus ultrices, turpis ante vehicula turpis, eget pharetra neque [&hellip;]<\/p>","protected":false},"author":1,"featured_media":0,"parent":0,"menu_order":0,"comment_status":"closed","ping_status":"closed","template":"","meta":{"footnotes":""},"class_list":["post-1347","page","type-page","status-publish","hentry"],"_links":{"self":[{"href":"https:\/\/dartassa.com\/fr\/wp-json\/wp\/v2\/pages\/1347","targetHints":{"allow":["GET"]}}],"collection":[{"href":"https:\/\/dartassa.com\/fr\/wp-json\/wp\/v2\/pages"}],"about":[{"href":"https:\/\/dartassa.com\/fr\/wp-json\/wp\/v2\/types\/page"}],"author":[{"embeddable":true,"href":"https:\/\/dartassa.com\/fr\/wp-json\/wp\/v2\/users\/1"}],"replies":[{"embeddable":true,"href":"https:\/\/dartassa.com\/fr\/wp-json\/wp\/v2\/comments?post=1347"}],"version-history":[{"count":0,"href":"https:\/\/dartassa.com\/fr\/wp-json\/wp\/v2\/pages\/1347\/revisions"}],"wp:attachment":[{"href":"https:\/\/dartassa.com\/fr\/wp-json\/wp\/v2\/media?parent=1347"}],"curies":[{"name":"wp","href":"https:\/\/api.w.org\/{rel}","templated":true}]}}