{"id":2137,"date":"2020-06-01T19:45:02","date_gmt":"2020-06-01T19:45:02","guid":{"rendered":"https:\/\/dartassa.com\/?page_id=2137"},"modified":"2020-11-11T01:43:46","modified_gmt":"2020-11-11T01:43:46","slug":"treking","status":"publish","type":"page","link":"https:\/\/dartassa.com\/fr\/treking\/","title":{"rendered":"Randonn\u00e9e"},"content":{"rendered":"<div class=\"wpb-content-wrapper\"><div class=\"vc_row wpb_row vc_row-fluid\"><div class=\"wpb_column vc_column_container vc_col-sm-12\"><div class=\"vc_column-inner\"><div class=\"wpb_wrapper\"><div class=\"wpb_revslider_element wpb_content_element gradient-overlay-slider\">\n\t\t\t<!-- START Spa REVOLUTION SLIDER 6.7.34 --><p class=\"rs-p-wp-fix\"><\/p>\n\t\t\t<rs-module-wrap id=\"hero_wrapper\" data-source=\"gallery\" style=\"visibility:hidden;background:transparent;padding:0;margin:0px auto;margin-top:0;margin-bottom:0;\">\n\t\t\t\t<rs-module id=\"hero\" style=\"\" data-version=\"6.7.34\">\n\t\t\t\t\t<rs-slides style=\"overflow: hidden; position: absolute;\">\n\t\t\t\t\t\t<rs-slide style=\"position: absolute;\" data-key=\"rs-5\" data-title=\"Slide\" data-anim=\"ms:600;r:0;\" data-in=\"o:0;\" data-out=\"a:false;\">\n\t\t\t\t\t\t\t<img decoding=\"async\" src=\"\/\/dartassa.com\/wp-content\/plugins\/revslider\/sr6\/assets\/assets\/dummy.png\" alt=\"\" title=\"trekking\" width=\"2000\" height=\"1333\" class=\"rev-slidebg tp-rs-img rs-lazyload\" data-lazyload=\"\/\/dartassa.com\/wp-content\/uploads\/2020\/06\/trekkin.jpeg\" data-parallax=\"5\" data-no-retina>\n<!--\n\t\t\t\t\t\t\t--><rs-layer\n\t\t\t\t\t\t\t\tid=\"slider-3-slide-5-layer-1\" \n\t\t\t\t\t\t\t\tdata-type=\"text\"\n\t\t\t\t\t\t\t\tdata-rsp_ch=\"on\"\n\t\t\t\t\t\t\t\tdata-xy=\"x:c;y:m;yo:-1px,-1px,0,0;\"\n\t\t\t\t\t\t\t\tdata-text=\"s:50,50,30,18;l:50,50,30,30;fw:800,800,700,700;a:inherit;\"\n\t\t\t\t\t\t\t\tdata-frame_0=\"y:100%;tp:600;\"\n\t\t\t\t\t\t\t\tdata-frame_0_mask=\"u:t;y:100%;\"\n\t\t\t\t\t\t\t\tdata-frame_1=\"tp:600;e:power2.inOut;st:500;sp:1500;sR:500;\"\n\t\t\t\t\t\t\t\tdata-frame_1_mask=\"u:t;\"\n\t\t\t\t\t\t\t\tdata-frame_999=\"o:0;tp:600;st:w;sR:7000;\"\n\t\t\t\t\t\t\t\tstyle=\"z-index:5;font-family:'Raleway';\"\n\t\t\t\t\t\t\t>Randonn\u00e9e \u00e0 Dar Tassa \n\t\t\t\t\t\t\t<\/rs-layer><!--\n-->\t\t\t\t\t<\/rs-slide>\n\t\t\t\t\t<\/rs-slides>\n\t\t\t\t<\/rs-module>\n\t\t\t\t<script>\n\t\t\t\t\tsetREVStartSize({c: 'hero',rl:[1240,1024,778,480],el:[600,768,500,500],gw:[1170,1024,778,480],gh:[600,768,500,500],type:'hero',justify:'',layout:'fullwidth',mh:\"0\"});if (window.RS_MODULES!==undefined && window.RS_MODULES.modules!==undefined && window.RS_MODULES.modules[\"hero\"]!==undefined) {window.RS_MODULES.modules[\"hero\"].once = false;window.revapi3 = undefined;if (window.RS_MODULES.checkMinimal!==undefined) window.RS_MODULES.checkMinimal()}\n\t\t\t\t<\/script>\n\t\t\t<\/rs-module-wrap>\n\t\t\t<!-- END REVOLUTION SLIDER -->\n<\/div><div class=\"vc_empty_space\"   style=\"height: 100px\"><span class=\"vc_empty_space_inner\"><\/span><\/div><\/div><\/div><\/div><\/div><div class=\"vc_row wpb_row vc_row-fluid\"><div class=\"wpb_column vc_column_container vc_col-sm-7\"><div class=\"vc_column-inner\"><div class=\"wpb_wrapper\">\t\t\t<div\r\n\t\t\t\tclass=\"main_title  text-left\">\r\n\t\t\t\t<h2 class=\"title\">Bienvenue \u00e0 Dar Tassa Trekking<\/h2>\r\n\t\t\t\t\t\t\t<\/div>\r\n\t\t\n\t<div class=\"wpb_text_column wpb_content_element\" >\n\t\t<div class=\"wpb_wrapper\">\n\t\t\t<p>Sortez des sentiers battus et approfondissez vos connaissances avec nos promenades\/treks et randonn\u00e9es uniques dans le Haut Atlas.<\/p>\n<p>Nos aventures marocaines \u00e9cologiques et passionnantes vous permettront de d\u00e9couvrir la culture, la gastronomie et le divertissement comme jamais auparavant\u2026 il vous suffit de vous pr\u00e9senter.<\/p>\n<p>Trekking 100% Sur mesure<\/p>\n<p>L&#039;ensemble de votre randonn\u00e9e\/balade est con\u00e7u en fonction de vos besoins.<br \/>\nExplorez vos int\u00e9r\u00eats \u00e0 votre rythme.<\/p>\n<p>Dar Tassa utilise uniquement des guides locaux assur\u00e9s, qualifi\u00e9s, exp\u00e9riment\u00e9s et parlant anglais.<br \/>\nS\u00e9lectionnez votre rythme d&#039;exploration pr\u00e9f\u00e9r\u00e9.<br \/>\nCr\u00e9ez le voyage parfait avec l&#039;aide de nos sp\u00e9cialistes.<\/p>\n\n\t\t<\/div>\n\t<\/div>\n<\/div><\/div><\/div><div class=\"wpb_column vc_column_container vc_col-sm-5\"><div class=\"vc_column-inner\"><div class=\"wpb_wrapper\">\n\t<div  class=\"wpb_single_image wpb_content_element vc_align_left wpb_content_element\">\n\t\t\n\t\t<figure class=\"wpb_wrapper vc_figure\">\n\t\t\t<div class=\"vc_single_image-wrapper   vc_box_border_grey\"><img loading=\"lazy\" decoding=\"async\" width=\"580\" height=\"300\" src=\"https:\/\/dartassa.com\/wp-content\/uploads\/2020\/06\/TOUBKAL-600x300-580x300-1.jpg\" class=\"vc_single_image-img attachment-full\" alt=\"\" title=\"TOUBKAL-600x300-580x300\" srcset=\"https:\/\/dartassa.com\/wp-content\/uploads\/2020\/06\/TOUBKAL-600x300-580x300-1.jpg 580w, https:\/\/dartassa.com\/wp-content\/uploads\/2020\/06\/TOUBKAL-600x300-580x300-1-300x155.jpg 300w, https:\/\/dartassa.com\/wp-content\/uploads\/2020\/06\/TOUBKAL-600x300-580x300-1-80x41.jpg 80w\" sizes=\"auto, (max-width: 580px) 100vw, 580px\" \/><\/div>\n\t\t<\/figure>\n\t<\/div>\n<\/div><\/div><\/div><\/div><div class=\"vc_row wpb_row vc_row-fluid\"><div class=\"wpb_column vc_column_container vc_col-sm-6\"><div class=\"vc_column-inner\"><div class=\"wpb_wrapper\">\n\t<div class=\"wpb_text_column wpb_content_element\" >\n\t\t<div class=\"wpb_wrapper\">\n\t\t\t<h2><strong>ASCENSION DU SOMMET DU TOUBKAL : 2 JOURS\/ 1 NUIT :<\/strong><\/h2>\n<p>&nbsp;<\/p>\n<p>Jour 1 : Imlil -Sidi chamharouch \u2013 Refuge du Toubkal. :d\u00e9part du<br \/>\nrandonn\u00e9e depuis la petite ville berb\u00e8re, connue sous le nom de petit Chamonix du Maroc, situ\u00e9e \u00e0<br \/>\nles contreforts sup\u00e9rieurs des montagnes du Haut Atlas occidental, une r\u00e9gion principale<br \/>\nd\u00e9but du sentier avec des sentiers muletiers se ramifiant dans toutes les directions. vers le<br \/>\nau sud jusqu&#039;aux villages berb\u00e8res d&#039;Around, Taourirt, Achayn en haut et en bas<br \/>\nles pentes abruptes, les magnifiques sommets du Haut Atlas occidental<br \/>\nLe massif du Toubkal se trouve juste devant nous. Nous nous arr\u00eaterons pour le visiter.<br \/>\nvillage plut\u00f4t singulier dans la vall\u00e9e d&#039;Imlil, construit en apparence comme une maison<br \/>\nsur une maison sur un grand \u00e9peron morainique, surplombant un ancien p\u00e9rim\u00e8tre irrigu\u00e9<br \/>\nchamps en terrasses d&#039;arbres fruitiers et de l\u00e9gumes.nous continuons pendant un<br \/>\n8 km plus loin jusqu&#039;au village tout aussi pittoresque (sanctuaire) de Sidi<br \/>\nChamharouch, un village berb\u00e8re situ\u00e9 \u00e0 c\u00f4t\u00e9 d&#039;une cascade et d&#039;un petit ruisseau,<br \/>\nencore avec ses maisons en pis\u00e9 apparemment construites de mani\u00e8re quelque peu chaotique<br \/>\ndans un autre. Ce village est un lieu de p\u00e8lerinage et un marabout<br \/>\nsanctuaire interdit aux non-musulmans et consid\u00e9r\u00e9 comme une relique de l&#039;\u00e8re pr\u00e9islamique<br \/>\nCulte religieux. Nous faisons une pause pique-nique, avec vue imprenable sur le djebel.<br \/>\nToubkal, \u00e0 4165 m, le plus haut sommet d&#039;Afrique du Nord, avant son coucher<br \/>\nen route pour le refuge du Toubkal pour notre d\u00eener (3207m). (5 heures ).<\/p>\n<p>Jour 2 : Refuge du Toubkal - Sommet - retour \u00e0 Imlil : d\u00e9part t\u00f4t le matin<br \/>\nle matin pour atteindre, apr\u00e8s 3 heures de mont\u00e9e raide, le plus haut sommet de<br \/>\nle maghreb.le panorama depuis le sommet est tout simplement \u00e9poustouflant.ce<br \/>\nLa mont\u00e9e et la vue remarquables valent vraiment l&#039;effort. chaque fois que vous<br \/>\nsommes pr\u00eats, nous descendrons par le circuit sud d&#039;Ihibi pour<br \/>\nune descente simple de 2 \u00e0 3 heures pour revenir au refuge et notre<br \/>\npique-nique. Cet apr\u00e8s-midi, nous reprendrons le chemin de descente vers Imlil<br \/>\n(pr\u00e9voir 3 heures et demi) 8 heures au total.<\/p>\n<p>&nbsp;<\/p>\n<p>Le mercredi 3 f\u00e9vrier 2010 \u00e0 12h49, a \u00e9crit:<br \/>\nCher Monsieur Potter<\/p>\n<p>Ravi de vous avoir parl\u00e9 hier. J&#039;ai contact\u00e9 Dar Tassa, qui organise le trekking, et ils vous ont fourni les informations ci-dessous. Si vous les lisez, faites-le-moi savoir\u00a0; je pourrai vous les renvoyer depuis mon ordinateur ce soir.<\/p>\n<p>Nous organisons volontiers votre ascension du Toubkal, nous le faisons normalement sur 3 nuits<br \/>\n&amp; nous le d\u00e9marrons depuis Dar Tassa (1300m) pour permettre aux randonneurs de s&#039;acclimater &amp;<br \/>\nprofitez du Haut Atlas .<\/p>\n<p>Sur 2 jours nous partirons du village d&#039;Imlil, nos treks sont<br \/>\npriv\u00e9 et enti\u00e8rement pris en charge (guide, muletier, muletier, eau en bouteille, nourriture et<br \/>\nh\u00e9bergement)<\/p>\n<p>Jour 1, Trek vers le refuge du Toubkal, nous remontons progressivement la vall\u00e9e du Toubkal, via<br \/>\nle hameau de p\u00e8lerinage de Sidi Chamharouch,nuit au refuge.<\/p>\n<p>Jour 2, Sommet du Mont Toubkal, D\u00e9part matinal pour le trek difficile vers<br \/>\nle sommet du mont Toubkal 4165 m\u00e8tres la plus haute montagne du Nord<br \/>\nAfrique, notre trek se termine par une descente facile \u00e0 travers les villages berb\u00e8res<br \/>\n.<\/p>\n<p>Pour les 2 jours enti\u00e8rement pris en charge c&#039;est 75 Euros par personne min 2 personnes<\/p>\n<p>Pour le transfert en taxi de Marrakech \u00e0 Imlil c&#039;est 40 \u20ac<\/p>\n\n\t\t<\/div>\n\t<\/div>\n<\/div><\/div><\/div><div class=\"wpb_column vc_column_container vc_col-sm-6\"><div class=\"vc_column-inner\"><div class=\"wpb_wrapper\">\n\t<div class=\"wpb_text_column wpb_content_element\" >\n\t\t<div class=\"wpb_wrapper\">\n\t\t\t<h2><strong>TREK DE CINQ JOURS<\/strong><\/h2>\n<p>D\u00e9parts : (veuillez r\u00e9server) (trek de 5 jours : 5-6 heures par jour)<\/p>\n<p>Itin\u00e9raire:<\/p>\n<p>-Tassaouirgane<br \/>\n-Kik<br \/>\n-Tagadert<br \/>\n-Aghbalou<br \/>\n-Ait Zitoun<br \/>\n-Amergass<br \/>\n-Tazatourt<br \/>\n-A\u00efe<br \/>\n-Agni<br \/>\n-Anraz<br \/>\n-Torord<\/p>\n<p>Jour 1 : Tassaouirgane \u00e0 KiK.<br \/>\nNotre randonn\u00e9e commence depuis la maison en montant jusqu&#039;au plateau de Kik. Nous<br \/>\nNous traverserons de nombreux villages berb\u00e8res le long de notre route. Vous y verrez<br \/>\nla diversit\u00e9 des paysages et les vues imprenables sur l&#039;Atlas<br \/>\nMontagnes. Nous passerons la nuit dans une maison berb\u00e8re.<\/p>\n<p>Jour 2 : De Kik \u00e0 Tagadert.<br \/>\nLe deuxi\u00e8me jour, nous nous dirigeons vers Amizimz en profitant de la belle<br \/>\npaysage sur notre route vers un grand r\u00e9servoir. Nous passerons devant de nombreuses cultures<br \/>\nterrasses avant d&#039;arriver au village de Tagaderte. Ici, nous<br \/>\nrencontrer quelques-unes des personnes qui travaillent \u00e0 la poterie et fournissent les pots pour<br \/>\nle march\u00e9 hebdomadaire. Nous passerons la nuit \u00e0 une heure de marche de plus.<br \/>\n\u00e0 partir de l\u00e0.<\/p>\n<p>Jour 3 : De Tagadert \u00e0 Amegrass.<br \/>\nApr\u00e8s notre deuxi\u00e8me nuit, nous nous dirigeons vers le magnifique village d&#039;Amegrass.<br \/>\nNous traversons 4 villages berb\u00e8res int\u00e9ressants (Labouar, la poterie<br \/>\nvillage de Tagadert, arr\u00eat d\u00e9jeuner au village d&#039;Aghbalou avant de se diriger<br \/>\nau village d&#039;Amegrass via Ait Zitoun.) L\u00e0, nous serons accueillis par un<br \/>\nth\u00e9 \u00e0 la menthe fra\u00eeche \u00e0 notre arriv\u00e9e. Nous y d\u00e9poserons nos bagages avant<br \/>\npartir pour une heure explorer la r\u00e9gion, revenir pour passer la nuit<br \/>\nl\u00e0.<\/p>\n<p>Jour 4 : d&#039;Amegrass \u00e0 Ouchfilen.<br \/>\nNous commen\u00e7ons par une marche de 3 heures jusqu&#039;au village de Tazatourt o\u00f9 nous d\u00e9jeunons.<br \/>\nApr\u00e8s le d\u00e9jeuner, nous traversons quelques villages berb\u00e8res pour arriver dans les r\u00e9gions recul\u00e9es<br \/>\nvillage d&#039;Ouchfilen l&#039;apr\u00e8s-midi o\u00f9 nous verrons un fantastique,<br \/>\npaysage dramatique.<\/p>\n<p>Jour 5 : Ouchfilen \u00e0 Tassaouirgane.<br \/>\nNotre dernier jour est une marche \u00e0 travers les gorges de Nfiss en direction du village de<br \/>\nOuirgane puis suivre la piste vers la for\u00eat de pins<br \/>\no\u00f9 nous d\u00e9jeunerons. Nous marcherons \u00e0 travers les villages d&#039;Agni, Anraz (ancien<br \/>\nvillage juif), Torord. Notre randonn\u00e9e se termine en fin d&#039;apr\u00e8s-midi au village de Tassa Ouirgane.<\/p>\n<p>Tarifs:<br \/>\n1 personne<br \/>\n180\u20ac<br \/>\n2 personnes<br \/>\n160\u20ac par personne<br \/>\n4 personnes<br \/>\n125\u20ac par personne<\/p>\n<p>Nos tarifs comprennent :<br \/>\nGuide de montagne exp\u00e9riment\u00e9 et bilingue tout au long du s\u00e9jour.<br \/>\nD\u00eener, petit-d\u00e9jeuner et pique-nique<br \/>\nD\u00e9jeuner pique-nique : salade marocaine fra\u00eeche, thon en conserve, pain au poisson*, fruits.<br \/>\nSi vous \u00eates v\u00e9g\u00e9tarien ou v\u00e9g\u00e9talien, veuillez nous en informer.<\/p>\n<p>Nos prix ne comprennent pas\u00a0: l&#039;assurance m\u00e9dicale ou accident personnelle, les d\u00e9penses personnelles, l&#039;eau en bouteille ou gazeuse, ainsi que tout ce qui n&#039;est pas mentionn\u00e9 sp\u00e9cifiquement dans l&#039;itin\u00e9raire.<\/p>\n<p>Il est recommand\u00e9 d&#039;apporter : de bonnes baskets ou des chaussures de marche, un b\u00e2ton de randonn\u00e9e (facultatif), un chapeau, de la cr\u00e8me solaire, des grignotages, des lingettes hygi\u00e9niques, une polaire et un sac de couchage.<\/p>\n\n\t\t<\/div>\n\t<\/div>\n<\/div><\/div><\/div><\/div><div class=\"vc_row wpb_row vc_row-fluid\"><div class=\"wpb_column vc_column_container vc_col-sm-12\"><div class=\"vc_column-inner\"><div class=\"wpb_wrapper\">           \r\n            <div class=\"row\">\r\n\t            <div class=\"image-gallery\">\r\n\r\n                   \r\n                    <!-- GALLERY ITEM -->\r\n                    <div class=\"col-lg-3 col-sm-6\">\r\n                      <figure class=\"gradient-overlay-hover icon-zoom-hover zoom-image-hover\">\r\n                                                <a href=\"https:\/\/dartassa.com\/wp-content\/uploads\/2020\/06\/WhatsApp-Image-2020-05-31-at-3.19.23-PM.jpeg\">\r\n                          <img decoding=\"async\" src=\"https:\/\/dartassa.com\/wp-content\/uploads\/2020\/06\/WhatsApp-Image-2020-05-31-at-3.19.23-PM.jpeg\" class=\"img-responsive\">\r\n                        <\/a>\r\n                                            <\/figure>\r\n                    <\/div>\r\n\r\n                    \r\n                    <!-- GALLERY ITEM -->\r\n                    <div class=\"col-lg-3 col-sm-6\">\r\n                      <figure class=\"gradient-overlay-hover icon-zoom-hover zoom-image-hover\">\r\n                                                <a href=\"https:\/\/dartassa.com\/wp-content\/uploads\/2020\/06\/WhatsApp-Image-2020-05-31-at-3.19.23-PM-1.jpeg\">\r\n                          <img decoding=\"async\" src=\"https:\/\/dartassa.com\/wp-content\/uploads\/2020\/06\/WhatsApp-Image-2020-05-31-at-3.19.23-PM-1.jpeg\" class=\"img-responsive\">\r\n                        <\/a>\r\n                                            <\/figure>\r\n                    <\/div>\r\n\r\n                    \r\n                    <!-- GALLERY ITEM -->\r\n                    <div class=\"col-lg-3 col-sm-6\">\r\n                      <figure class=\"gradient-overlay-hover icon-zoom-hover zoom-image-hover\">\r\n                                                <a href=\"https:\/\/dartassa.com\/wp-content\/uploads\/2020\/06\/TOUBKAL-600x300-580x300-1.jpg\">\r\n                          <img decoding=\"async\" src=\"https:\/\/dartassa.com\/wp-content\/uploads\/2020\/06\/TOUBKAL-600x300-580x300-1.jpg\" class=\"img-responsive\">\r\n                        <\/a>\r\n                                            <\/figure>\r\n                    <\/div>\r\n\r\n                    \r\n                    <!-- GALLERY ITEM -->\r\n                    <div class=\"col-lg-3 col-sm-6\">\r\n                      <figure class=\"gradient-overlay-hover icon-zoom-hover zoom-image-hover\">\r\n                                                <a href=\"https:\/\/dartassa.com\/wp-content\/uploads\/2020\/06\/WhatsApp-Image-2020-05-31-at-3.19.23-PM-2.jpeg\">\r\n                          <img decoding=\"async\" src=\"https:\/\/dartassa.com\/wp-content\/uploads\/2020\/06\/WhatsApp-Image-2020-05-31-at-3.19.23-PM-2.jpeg\" class=\"img-responsive\">\r\n                        <\/a>\r\n                                            <\/figure>\r\n                    <\/div>\r\n\r\n                    \r\n\t                \t            <\/div>\r\n            <\/div>\r\n\r\n        <\/div><\/div><\/div><\/div><div class=\"vc_row wpb_row vc_row-fluid\"><div class=\"wpb_column vc_column_container vc_col-sm-12\"><div class=\"vc_column-inner\"><div class=\"wpb_wrapper\"><\/div><\/div><\/div><\/div><div class=\"vc_row wpb_row vc_row-fluid\"><div class=\"wpb_column vc_column_container vc_col-sm-12\"><div class=\"vc_column-inner\"><div class=\"wpb_wrapper\"><div class=\"vc_empty_space\"   style=\"height: 100px\"><span class=\"vc_empty_space_inner\"><\/span><\/div><\/div><\/div><\/div><\/div>\n<\/div>","protected":false},"excerpt":{"rendered":"Dar Tassa Trekking Welcome to Dar Tassa Trekking Get off the beaten path and go deeper with our unique walks\/ treks &amp; hikes in the High Atlas. Our eco-friendly and exciting Moroccan adventures will let you experience culture, food and entertainment like never before... all you have to do is show up. Trekking 100% Tailor-made [...]","protected":false},"author":1,"featured_media":0,"parent":0,"menu_order":0,"comment_status":"closed","ping_status":"closed","template":"","meta":{"footnotes":""},"class_list":["post-2137","page","type-page","status-publish","hentry"],"_links":{"self":[{"href":"https:\/\/dartassa.com\/fr\/wp-json\/wp\/v2\/pages\/2137","targetHints":{"allow":["GET"]}}],"collection":[{"href":"https:\/\/dartassa.com\/fr\/wp-json\/wp\/v2\/pages"}],"about":[{"href":"https:\/\/dartassa.com\/fr\/wp-json\/wp\/v2\/types\/page"}],"author":[{"embeddable":true,"href":"https:\/\/dartassa.com\/fr\/wp-json\/wp\/v2\/users\/1"}],"replies":[{"embeddable":true,"href":"https:\/\/dartassa.com\/fr\/wp-json\/wp\/v2\/comments?post=2137"}],"version-history":[{"count":8,"href":"https:\/\/dartassa.com\/fr\/wp-json\/wp\/v2\/pages\/2137\/revisions"}],"predecessor-version":[{"id":2209,"href":"https:\/\/dartassa.com\/fr\/wp-json\/wp\/v2\/pages\/2137\/revisions\/2209"}],"wp:attachment":[{"href":"https:\/\/dartassa.com\/fr\/wp-json\/wp\/v2\/media?parent=2137"}],"curies":[{"name":"wp","href":"https:\/\/api.w.org\/{rel}","templated":true}]}}