{"id":25,"date":"2018-02-17T13:08:13","date_gmt":"2018-02-17T13:08:13","guid":{"rendered":"https:\/\/preview.eagle-themes.com\/zante\/?page_id=25"},"modified":"2020-11-15T20:44:35","modified_gmt":"2020-11-15T20:44:35","slug":"about-us","status":"publish","type":"page","link":"https:\/\/dartassa.com\/fr\/about-us\/","title":{"rendered":"\u00c0 propos de nous"},"content":{"rendered":"<div class=\"wpb-content-wrapper\"><div data-vc-full-width=\"true\" data-vc-full-width-temp=\"true\" data-vc-full-width-init=\"false\" class=\"vc_row wpb_row vc_row-fluid vc_custom_1531729276201\"><div class=\"wpb_column vc_column_container vc_col-sm-6\"><div class=\"vc_column-inner\"><div class=\"wpb_wrapper\">\t\t\t<div\r\n\t\t\t\tclass=\"main_title  text-left\">\r\n\t\t\t\t<h2 class=\"title\">DAR TASSA DEPUIS 2005<\/h2>\r\n\t\t\t\t\t\t\t\t\t<p class=\"main_description\">Des services d&#039;h\u00e9bergement de haute qualit\u00e9.<\/p>\r\n\t\t\t\t\t\t\t<\/div>\r\n\t\t\n\t<div class=\"wpb_text_column wpb_content_element\" >\n\t\t<div class=\"wpb_wrapper\">\n\t\t\t<p>La retraite de montagne Dar Tassa offre un service impeccable et toutes les commodit\u00e9s essentielles pour revigorer les voyageurs. nous proposons un service de chambre 24h\/24, un parking, un service de chambre, un transfert a\u00e9roport, une chambre familiale pour assurer \u00e0 nos clients le plus grand confort.<\/p>\n<p>Nos 9 chambres r\u00e9parties sur 2 \u00e9tages vous offrent un cadre chaleureux et agr\u00e9able. Certaines chambres sont \u00e9quip\u00e9es de tout le confort moderne\u00a0: chambres non-fumeur, climatisation, balcon\/terrasse, douche et baignoire s\u00e9par\u00e9es. Nous proposons une excellente vari\u00e9t\u00e9 d&#039;activit\u00e9s de loisirs, dont des massages et un jardin. Gr\u00e2ce \u00e0 ses superbes installations et \u00e0 son emplacement privil\u00e9gi\u00e9, Dar Tassa est le point de d\u00e9part id\u00e9al pour profiter pleinement de votre s\u00e9jour \u00e0 Ouirgane.<\/p>\n\n\t\t<\/div>\n\t<\/div>\n<\/div><\/div><\/div><div class=\"wpb_column vc_column_container vc_col-sm-6\"><div class=\"vc_column-inner\"><div class=\"wpb_wrapper\">\r\n        <div class=\"image-3d-effect\">\r\n          <div class=\"side left\"><\/div>\r\n          <div class=\"side right\"><\/div>\r\n          <div class=\"images\">\r\n                        <div class=\"front-image\" style=\"background-image: url(https:\/\/dartassa.com\/wp-content\/uploads\/2020\/07\/Dar-Tassa-18-1.jpg)\"><\/div>\r\n                                  <\/div>\r\n        <\/div>\r\n\r\n\r\n\r\n        <\/div><\/div><\/div><\/div><div class=\"vc_row-full-width vc_clearfix\"><\/div><div class=\"vc_row wpb_row vc_row-fluid\"><div class=\"wpb_column vc_column_container vc_col-sm-3\"><div class=\"vc_column-inner\"><div class=\"wpb_wrapper\"><div class=\"vc_row wpb_row vc_inner vc_row-fluid\"><div class=\"wpb_column vc_column_container vc_col-sm-6\"><div class=\"vc_column-inner\"><div class=\"wpb_wrapper\"><\/div><\/div><\/div><div class=\"wpb_column vc_column_container vc_col-sm-6\"><div class=\"vc_column-inner\"><div class=\"wpb_wrapper\"><\/div><\/div><\/div><\/div><div class=\"vc_empty_space\"   style=\"height: 50px\"><span class=\"vc_empty_space_inner\"><\/span><\/div><\/div><\/div><\/div><div class=\"wpb_column vc_column_container vc_col-sm-6\"><div class=\"vc_column-inner\"><div class=\"wpb_wrapper\">\r\n          <div class=\"countup-item\">\r\n            <img decoding=\"async\" draggable=\"false\" src=\"https:\/\/dartassa.com\/wp-content\/uploads\/2018\/07\/rooms-1.png\">\r\n            <span class=\"number\" data-count=\"9\">9<\/span>\r\n            <div class=\"text\">CHAMBRES<\/div>\r\n          <\/div>\r\n\r\n\r\n        <\/div><\/div><\/div><div class=\"wpb_column vc_column_container vc_col-sm-3\"><div class=\"vc_column-inner\"><div class=\"wpb_wrapper\"><\/div><\/div><\/div><\/div>\n<\/div>","protected":false},"excerpt":{"rendered":"DAR TASSA SINCE 2005 High quality accommodation services. Dar Tassa mountain retreat offers impeccable service and all the essential amenities to invigorate travelers. we provide 24-hour room service, car park, room service, airport transfer, family room to ensure our guests the greatest comfort. 9 rooms spread over 2 floors provide a warm and pleasant home [...]","protected":false},"author":1,"featured_media":0,"parent":0,"menu_order":0,"comment_status":"closed","ping_status":"closed","template":"","meta":{"footnotes":""},"class_list":["post-25","page","type-page","status-publish","hentry"],"_links":{"self":[{"href":"https:\/\/dartassa.com\/fr\/wp-json\/wp\/v2\/pages\/25","targetHints":{"allow":["GET"]}}],"collection":[{"href":"https:\/\/dartassa.com\/fr\/wp-json\/wp\/v2\/pages"}],"about":[{"href":"https:\/\/dartassa.com\/fr\/wp-json\/wp\/v2\/types\/page"}],"author":[{"embeddable":true,"href":"https:\/\/dartassa.com\/fr\/wp-json\/wp\/v2\/users\/1"}],"replies":[{"embeddable":true,"href":"https:\/\/dartassa.com\/fr\/wp-json\/wp\/v2\/comments?post=25"}],"version-history":[{"count":10,"href":"https:\/\/dartassa.com\/fr\/wp-json\/wp\/v2\/pages\/25\/revisions"}],"predecessor-version":[{"id":2303,"href":"https:\/\/dartassa.com\/fr\/wp-json\/wp\/v2\/pages\/25\/revisions\/2303"}],"wp:attachment":[{"href":"https:\/\/dartassa.com\/fr\/wp-json\/wp\/v2\/media?parent=25"}],"curies":[{"name":"wp","href":"https:\/\/api.w.org\/{rel}","templated":true}]}}